{"id":2636,"date":"2022-08-29T14:43:28","date_gmt":"2022-08-29T12:43:28","guid":{"rendered":"https:\/\/www.rudkobingskudehavn.dk\/?page_id=2636"},"modified":"2026-04-14T15:17:27","modified_gmt":"2026-04-14T13:17:27","slug":"fest-arrangement","status":"publish","type":"page","link":"https:\/\/www.rudkobingskudehavn.dk\/en\/selskaber\/fest-arrangement\/","title":{"rendered":"Fest Arrangement"},"content":{"rendered":"<div data-elementor-type=\"wp-page\" data-elementor-id=\"2636\" class=\"elementor elementor-2636\" data-elementor-post-type=\"page\">\n\t\t\t\t\t\t<section class=\"elementor-section elementor-top-section elementor-element elementor-element-f95c7b0 elementor-section-height-min-height elementor-section-boxed elementor-section-height-default elementor-section-items-middle\" data-id=\"f95c7b0\" data-element_type=\"section\" data-settings=\"{&quot;background_background&quot;:&quot;classic&quot;}\">\n\t\t\t\t\t\t\t<div class=\"elementor-background-overlay\"><\/div>\n\t\t\t\t\t\t\t<div class=\"elementor-container elementor-column-gap-default\">\n\t\t\t\t\t<div class=\"elementor-column elementor-col-100 elementor-top-column elementor-element elementor-element-d54ca5a\" data-id=\"d54ca5a\" data-element_type=\"column\">\n\t\t\t<div class=\"elementor-widget-wrap elementor-element-populated\">\n\t\t\t\t\t\t<div class=\"elementor-element elementor-element-e03e7b9 elementor-widget elementor-widget-heading\" data-id=\"e03e7b9\" data-element_type=\"widget\" data-widget_type=\"heading.default\">\n\t\t\t\t<div class=\"elementor-widget-container\">\n\t\t\t<h1 class=\"elementor-heading-title elementor-size-default\">Fest arrangementer  til fast pris<\/h1>\t\t<\/div>\n\t\t\t\t<\/div>\n\t\t\t\t<div class=\"elementor-element elementor-element-a04f7f2 elementor-view-default elementor-widget elementor-widget-icon\" data-id=\"a04f7f2\" data-element_type=\"widget\" data-widget_type=\"icon.default\">\n\t\t\t\t<div class=\"elementor-widget-container\">\n\t\t\t\t\t<div class=\"elementor-icon-wrapper\">\n\t\t\t<div class=\"elementor-icon\">\n\t\t\t<svg xmlns=\"http:\/\/www.w3.org\/2000\/svg\" id=\"uuid-515a817a-16af-433f-baac-8fdf14e1e637\" viewbox=\"0 0 105.81 19.23\"><path d=\"M.47,9.61s7.42,20.37,16.68,0,18.28,0,18.28,0c0,0,7.29,20.51,16.75,0s18.22,.03,18.22,.03c0,0,7.64,20.33,16.74,0s18.21-.03,18.21-.03\" style=\"fill:none; stroke:#fff; stroke-miterlimit:10;\"><\/path><\/svg>\t\t\t<\/div>\n\t\t<\/div>\n\t\t\t\t<\/div>\n\t\t\t\t<\/div>\n\t\t\t\t\t<\/div>\n\t\t<\/div>\n\t\t\t\t\t<\/div>\n\t\t<\/section>\n\t\t\t\t<section class=\"elementor-section elementor-top-section elementor-element elementor-element-38bc5c8 elementor-section-boxed elementor-section-height-default elementor-section-height-default\" data-id=\"38bc5c8\" data-element_type=\"section\">\n\t\t\t\t\t\t<div class=\"elementor-container elementor-column-gap-default\">\n\t\t\t\t\t<div class=\"elementor-column elementor-col-100 elementor-top-column elementor-element elementor-element-af69cc7\" data-id=\"af69cc7\" data-element_type=\"column\">\n\t\t\t<div class=\"elementor-widget-wrap elementor-element-populated\">\n\t\t\t\t\t\t<div class=\"elementor-element elementor-element-a1fb3c6 elementor-widget elementor-widget-heading\" data-id=\"a1fb3c6\" data-element_type=\"widget\" data-widget_type=\"heading.default\">\n\t\t\t\t<div class=\"elementor-widget-container\">\n\t\t\t<h2 class=\"elementor-heading-title elementor-size-default\">Fest arrangement til fast pris hos Hotel Rudk\u00f8bing Skudehavn<\/h2>\t\t<\/div>\n\t\t\t\t<\/div>\n\t\t\t\t<div class=\"elementor-element elementor-element-f07399f elementor-view-default elementor-widget elementor-widget-icon\" data-id=\"f07399f\" data-element_type=\"widget\" data-widget_type=\"icon.default\">\n\t\t\t\t<div class=\"elementor-widget-container\">\n\t\t\t\t\t<div class=\"elementor-icon-wrapper\">\n\t\t\t<div class=\"elementor-icon\">\n\t\t\t<svg xmlns=\"http:\/\/www.w3.org\/2000\/svg\" id=\"uuid-4fcf8365-5e3b-4aa6-92bd-746523d3d47f\" viewbox=\"0 0 105.81 19.23\"><path d=\"M.47,9.61s7.42,20.37,16.68,0,18.28,0,18.28,0c0,0,7.29,20.51,16.75,0s18.22,.03,18.22,.03c0,0,7.64,20.33,16.74,0s18.21-.03,18.21-.03\" style=\"fill:none; stroke:#000; stroke-miterlimit:10;\"><\/path><\/svg>\t\t\t<\/div>\n\t\t<\/div>\n\t\t\t\t<\/div>\n\t\t\t\t<\/div>\n\t\t\t\t<div class=\"elementor-element elementor-element-a948adf elementor-widget elementor-widget-text-editor\" data-id=\"a948adf\" data-element_type=\"widget\" data-widget_type=\"text-editor.default\">\n\t\t\t\t<div class=\"elementor-widget-container\">\n\t\t\t\t\t\t\t<p>K\u00e6re kommende g\u00e6ster.<\/p><p>Vi tilbyder gerne \u201dall inklusiv\u201d arrangementer til Deres kommende fest.<\/p><p>Ring eller skriv endelig gerne til os for at f\u00e5 en samlet pris p\u00e5 netop Deres festarrangement.<\/p><p>Nedenst\u00e5ende finder De opl\u00e6g til eftermiddagsarrangementer \u2013 men det kan jo g\u00f8res p\u00e5 mange m\u00e5der\u2026. Tanken er at De kan kombinere eftermiddags- og aftensarrangement netop ud fra Deres \u00f8nsker.<\/p><p>Vi m\u00f8des gerne med Dem og udarbejder et uforpligtende tilbyd til netop Deres store dag.<\/p><p><strong>Kontakt Jane p\u00e5 telefon <a href=\"tel: 4562514600\">62514600<\/a> for n\u00e6rmere info.<\/strong><\/p>\t\t\t\t\t\t<\/div>\n\t\t\t\t<\/div>\n\t\t\t\t<div class=\"elementor-element elementor-element-a542eec elementor-align-center elementor-widget elementor-widget-button\" data-id=\"a542eec\" data-element_type=\"widget\" data-widget_type=\"button.default\">\n\t\t\t\t<div class=\"elementor-widget-container\">\n\t\t\t\t\t<div class=\"elementor-button-wrapper\">\n\t\t\t<a class=\"elementor-button elementor-button-link elementor-size-sm\" href=\"https:\/\/www.rudkobingskudehavn.dk\/wp-content\/uploads\/2026\/01\/Selskabskort-2026-til-hjemmeside-2.pdf\" target=\"_blank\">\n\t\t\t\t\t\t<span class=\"elementor-button-content-wrapper\">\n\t\t\t\t\t\t<span class=\"elementor-button-text\">Download selskabskort<\/span>\n\t\t<\/span>\n\t\t\t\t\t<\/a>\n\t\t<\/div>\n\t\t\t\t<\/div>\n\t\t\t\t<\/div>\n\t\t\t\t\t<\/div>\n\t\t<\/div>\n\t\t\t\t\t<\/div>\n\t\t<\/section>\n\t\t\t\t<section class=\"elementor-section elementor-top-section elementor-element elementor-element-47aacba elementor-reverse-mobile elementor-reverse-tablet tablist elementor-hidden-desktop elementor-hidden-tablet elementor-hidden-mobile elementor-section-boxed elementor-section-height-default elementor-section-height-default\" data-id=\"47aacba\" data-element_type=\"section\">\n\t\t\t\t\t\t<div class=\"elementor-container elementor-column-gap-default\">\n\t\t\t\t\t<div class=\"elementor-column elementor-col-50 elementor-top-column elementor-element elementor-element-dd46a95\" data-id=\"dd46a95\" data-element_type=\"column\" data-settings=\"{&quot;background_background&quot;:&quot;classic&quot;}\">\n\t\t\t<div class=\"elementor-widget-wrap elementor-element-populated\">\n\t\t\t\t\t\t<div class=\"elementor-element elementor-element-ba8b4e7 elementor-widget elementor-widget-spacer\" data-id=\"ba8b4e7\" data-element_type=\"widget\" data-widget_type=\"spacer.default\">\n\t\t\t\t<div class=\"elementor-widget-container\">\n\t\t\t\t\t<div class=\"elementor-spacer\">\n\t\t\t<div class=\"elementor-spacer-inner\"><\/div>\n\t\t<\/div>\n\t\t\t\t<\/div>\n\t\t\t\t<\/div>\n\t\t\t\t\t<\/div>\n\t\t<\/div>\n\t\t\t\t<div class=\"elementor-column elementor-col-50 elementor-top-column elementor-element elementor-element-aac11cd\" data-id=\"aac11cd\" data-element_type=\"column\">\n\t\t\t<div class=\"elementor-widget-wrap elementor-element-populated\">\n\t\t\t\t\t\t<div class=\"elementor-element elementor-element-31cdd90 elementor-widget elementor-widget-heading\" data-id=\"31cdd90\" data-element_type=\"widget\" data-widget_type=\"heading.default\">\n\t\t\t\t<div class=\"elementor-widget-container\">\n\t\t\t<h2 class=\"elementor-heading-title elementor-size-default\">Priser<\/h2>\t\t<\/div>\n\t\t\t\t<\/div>\n\t\t\t\t<div class=\"elementor-element elementor-element-8994b10 elementor-widget elementor-widget-text-editor\" data-id=\"8994b10\" data-element_type=\"widget\" data-widget_type=\"text-editor.default\">\n\t\t\t\t<div class=\"elementor-widget-container\">\n\t\t\t\t\t\t\t<p>\u00d8l\/vand, kaffe og the med snacks \u2013 2 timer kr. 160,00<\/p><p>\u00d8l\/vand, kaffe og the med snacks \u2013 3 timer kr. 215,00<\/p><p>\u00d8l\/vand, kaffe og the med snacks og sandwich \u2013 3 timer kr. 275,00<\/p>\t\t\t\t\t\t<\/div>\n\t\t\t\t<\/div>\n\t\t\t\t<div class=\"elementor-element elementor-element-0aa83d9 elementor-widget elementor-widget-text-editor\" data-id=\"0aa83d9\" data-element_type=\"widget\" data-widget_type=\"text-editor.default\">\n\t\t\t\t<div class=\"elementor-widget-container\">\n\t\t\t\t\t\t\t<p><strong>Vi er gerne behj\u00e6lpelige med bryllupskage fra lokale leverand\u00f8rer.<\/strong><\/p>\t\t\t\t\t\t<\/div>\n\t\t\t\t<\/div>\n\t\t\t\t\t<\/div>\n\t\t<\/div>\n\t\t\t\t\t<\/div>\n\t\t<\/section>\n\t\t\t\t<\/div>","protected":false},"excerpt":{"rendered":"<p>Fest arrangementer til fast pris Fest arrangement til fast pris hos Hotel Rudk\u00f8bing Skudehavn K\u00e6re kommende g\u00e6ster. Vi tilbyder gerne \u201dall inklusiv\u201d arrangementer til Deres kommende fest. Ring eller skriv endelig gerne til os for at f\u00e5 en samlet pris p\u00e5 netop Deres festarrangement. Nedenst\u00e5ende finder De opl\u00e6g til eftermiddagsarrangementer \u2013 men det kan jo [&hellip;]<\/p>","protected":false},"author":2,"featured_media":1519,"parent":334,"menu_order":0,"comment_status":"closed","ping_status":"closed","template":"","meta":{"footnotes":""},"class_list":["post-2636","page","type-page","status-publish","has-post-thumbnail","hentry"],"yoast_head":"<!-- This site is optimized with the Yoast SEO plugin v22.0 - https:\/\/yoast.com\/wordpress\/plugins\/seo\/ -->\n<title>Rudk\u00f8bing Skudehavn | Fest og selskabslokaler<\/title>\n<meta name=\"description\" content=\"Fest arrangement til fast pris hos Hotel Rudk\u00f8bing Skudehavn. Vi tilbyder gerne all inkl. arrangementer til din kommende fest. Se mere her\" \/>\n<meta name=\"robots\" content=\"index, follow, max-snippet:-1, max-image-preview:large, max-video-preview:-1\" \/>\n<link rel=\"canonical\" href=\"https:\/\/www.rudkobingskudehavn.dk\/en\/selskaber\/fest-arrangement\/\" \/>\n<meta property=\"og:locale\" content=\"en_GB\" \/>\n<meta property=\"og:type\" content=\"article\" \/>\n<meta property=\"og:title\" content=\"Rudk\u00f8bing Skudehavn | Fest og selskabslokaler\" \/>\n<meta property=\"og:description\" content=\"Fest arrangement til fast pris hos Hotel Rudk\u00f8bing Skudehavn. Vi tilbyder gerne all inkl. arrangementer til din kommende fest. Se mere her\" \/>\n<meta property=\"og:url\" content=\"https:\/\/www.rudkobingskudehavn.dk\/en\/selskaber\/fest-arrangement\/\" \/>\n<meta property=\"og:site_name\" content=\"Hotel Rudk\u00f8bing Skudehavn\" \/>\n<meta property=\"article:modified_time\" content=\"2026-04-14T13:17:27+00:00\" \/>\n<meta property=\"og:image\" content=\"https:\/\/www.rudkobingskudehavn.dk\/wp-content\/uploads\/2022\/07\/Rudkoebing-Skudehavn-Soelvbryllup-Opdaekning-og-mad-28.jpg\" \/>\n\t<meta property=\"og:image:width\" content=\"1920\" \/>\n\t<meta property=\"og:image:height\" content=\"1281\" \/>\n\t<meta property=\"og:image:type\" content=\"image\/jpeg\" \/>\n<meta name=\"twitter:card\" content=\"summary_large_image\" \/>\n<meta name=\"twitter:label1\" content=\"Estimated reading time\" \/>\n\t<meta name=\"twitter:data1\" content=\"1 minute\" \/>\n<script type=\"application\/ld+json\" class=\"yoast-schema-graph\">{\"@context\":\"https:\/\/schema.org\",\"@graph\":[{\"@type\":\"WebPage\",\"@id\":\"https:\/\/www.rudkobingskudehavn.dk\/selskaber\/fest-arrangement\/\",\"url\":\"https:\/\/www.rudkobingskudehavn.dk\/selskaber\/fest-arrangement\/\",\"name\":\"Rudk\u00f8bing Skudehavn | Fest og selskabslokaler\",\"isPartOf\":{\"@id\":\"https:\/\/www.rudkobingskudehavn.dk\/#website\"},\"datePublished\":\"2022-08-29T12:43:28+00:00\",\"dateModified\":\"2026-04-14T13:17:27+00:00\",\"description\":\"Fest arrangement til fast pris hos Hotel Rudk\u00f8bing Skudehavn. Vi tilbyder gerne all inkl. arrangementer til din kommende fest. Se mere her\",\"breadcrumb\":{\"@id\":\"https:\/\/www.rudkobingskudehavn.dk\/selskaber\/fest-arrangement\/#breadcrumb\"},\"inLanguage\":\"en-GB\",\"potentialAction\":[{\"@type\":\"ReadAction\",\"target\":[\"https:\/\/www.rudkobingskudehavn.dk\/selskaber\/fest-arrangement\/\"]}]},{\"@type\":\"BreadcrumbList\",\"@id\":\"https:\/\/www.rudkobingskudehavn.dk\/selskaber\/fest-arrangement\/#breadcrumb\",\"itemListElement\":[{\"@type\":\"ListItem\",\"position\":1,\"name\":\"Hjem\",\"item\":\"https:\/\/www.rudkobingskudehavn.dk\/\"},{\"@type\":\"ListItem\",\"position\":2,\"name\":\"Selskaber\",\"item\":\"https:\/\/www.rudkobingskudehavn.dk\/selskaber\/\"},{\"@type\":\"ListItem\",\"position\":3,\"name\":\"Fest Arrangement\"}]},{\"@type\":\"WebSite\",\"@id\":\"https:\/\/www.rudkobingskudehavn.dk\/#website\",\"url\":\"https:\/\/www.rudkobingskudehavn.dk\/\",\"name\":\"Hotel Rudk\u00f8bing Skudehavn\",\"description\":\"\",\"publisher\":{\"@id\":\"https:\/\/www.rudkobingskudehavn.dk\/#organization\"},\"potentialAction\":[{\"@type\":\"SearchAction\",\"target\":{\"@type\":\"EntryPoint\",\"urlTemplate\":\"https:\/\/www.rudkobingskudehavn.dk\/?s={search_term_string}\"},\"query-input\":\"required name=search_term_string\"}],\"inLanguage\":\"en-GB\"},{\"@type\":\"Organization\",\"@id\":\"https:\/\/www.rudkobingskudehavn.dk\/#organization\",\"name\":\"Rudk\u00f8bing Skudehavn\",\"url\":\"https:\/\/www.rudkobingskudehavn.dk\/\",\"logo\":{\"@type\":\"ImageObject\",\"inLanguage\":\"en-GB\",\"@id\":\"https:\/\/www.rudkobingskudehavn.dk\/#\/schema\/logo\/image\/\",\"url\":\"https:\/\/www.rudkobingskudehavn.dk\/wp-content\/uploads\/2020\/11\/Rudkoebing_Skudehavn_logo_udentekst.svg\",\"contentUrl\":\"https:\/\/www.rudkobingskudehavn.dk\/wp-content\/uploads\/2020\/11\/Rudkoebing_Skudehavn_logo_udentekst.svg\",\"width\":514,\"height\":186,\"caption\":\"Rudk\u00f8bing Skudehavn\"},\"image\":{\"@id\":\"https:\/\/www.rudkobingskudehavn.dk\/#\/schema\/logo\/image\/\"}}]}<\/script>\n<!-- \/ Yoast SEO plugin. -->","yoast_head_json":{"title":"Rudk\u00f8bing Skudehavn | Fest og selskabslokaler","description":"Fest arrangement til fast pris hos Hotel Rudk\u00f8bing Skudehavn. Vi tilbyder gerne all inkl. arrangementer til din kommende fest. Se mere her","robots":{"index":"index","follow":"follow","max-snippet":"max-snippet:-1","max-image-preview":"max-image-preview:large","max-video-preview":"max-video-preview:-1"},"canonical":"https:\/\/www.rudkobingskudehavn.dk\/en\/selskaber\/fest-arrangement\/","og_locale":"en_GB","og_type":"article","og_title":"Rudk\u00f8bing Skudehavn | Fest og selskabslokaler","og_description":"Fest arrangement til fast pris hos Hotel Rudk\u00f8bing Skudehavn. Vi tilbyder gerne all inkl. arrangementer til din kommende fest. Se mere her","og_url":"https:\/\/www.rudkobingskudehavn.dk\/en\/selskaber\/fest-arrangement\/","og_site_name":"Hotel Rudk\u00f8bing Skudehavn","article_modified_time":"2026-04-14T13:17:27+00:00","og_image":[{"width":1920,"height":1281,"url":"https:\/\/www.rudkobingskudehavn.dk\/wp-content\/uploads\/2022\/07\/Rudkoebing-Skudehavn-Soelvbryllup-Opdaekning-og-mad-28.jpg","type":"image\/jpeg"}],"twitter_card":"summary_large_image","twitter_misc":{"Estimated reading time":"1 minute"},"schema":{"@context":"https:\/\/schema.org","@graph":[{"@type":"WebPage","@id":"https:\/\/www.rudkobingskudehavn.dk\/selskaber\/fest-arrangement\/","url":"https:\/\/www.rudkobingskudehavn.dk\/selskaber\/fest-arrangement\/","name":"Rudk\u00f8bing Skudehavn | Fest og selskabslokaler","isPartOf":{"@id":"https:\/\/www.rudkobingskudehavn.dk\/#website"},"datePublished":"2022-08-29T12:43:28+00:00","dateModified":"2026-04-14T13:17:27+00:00","description":"Fest arrangement til fast pris hos Hotel Rudk\u00f8bing Skudehavn. Vi tilbyder gerne all inkl. arrangementer til din kommende fest. Se mere her","breadcrumb":{"@id":"https:\/\/www.rudkobingskudehavn.dk\/selskaber\/fest-arrangement\/#breadcrumb"},"inLanguage":"en-GB","potentialAction":[{"@type":"ReadAction","target":["https:\/\/www.rudkobingskudehavn.dk\/selskaber\/fest-arrangement\/"]}]},{"@type":"BreadcrumbList","@id":"https:\/\/www.rudkobingskudehavn.dk\/selskaber\/fest-arrangement\/#breadcrumb","itemListElement":[{"@type":"ListItem","position":1,"name":"Hjem","item":"https:\/\/www.rudkobingskudehavn.dk\/"},{"@type":"ListItem","position":2,"name":"Selskaber","item":"https:\/\/www.rudkobingskudehavn.dk\/selskaber\/"},{"@type":"ListItem","position":3,"name":"Fest Arrangement"}]},{"@type":"WebSite","@id":"https:\/\/www.rudkobingskudehavn.dk\/#website","url":"https:\/\/www.rudkobingskudehavn.dk\/","name":"Hotel Rudk\u00f8bing Skudehavn","description":"","publisher":{"@id":"https:\/\/www.rudkobingskudehavn.dk\/#organization"},"potentialAction":[{"@type":"SearchAction","target":{"@type":"EntryPoint","urlTemplate":"https:\/\/www.rudkobingskudehavn.dk\/?s={search_term_string}"},"query-input":"required name=search_term_string"}],"inLanguage":"en-GB"},{"@type":"Organization","@id":"https:\/\/www.rudkobingskudehavn.dk\/#organization","name":"Rudk\u00f8bing Skudehavn","url":"https:\/\/www.rudkobingskudehavn.dk\/","logo":{"@type":"ImageObject","inLanguage":"en-GB","@id":"https:\/\/www.rudkobingskudehavn.dk\/#\/schema\/logo\/image\/","url":"https:\/\/www.rudkobingskudehavn.dk\/wp-content\/uploads\/2020\/11\/Rudkoebing_Skudehavn_logo_udentekst.svg","contentUrl":"https:\/\/www.rudkobingskudehavn.dk\/wp-content\/uploads\/2020\/11\/Rudkoebing_Skudehavn_logo_udentekst.svg","width":514,"height":186,"caption":"Rudk\u00f8bing Skudehavn"},"image":{"@id":"https:\/\/www.rudkobingskudehavn.dk\/#\/schema\/logo\/image\/"}}]}},"_links":{"self":[{"href":"https:\/\/www.rudkobingskudehavn.dk\/en\/wp-json\/wp\/v2\/pages\/2636"}],"collection":[{"href":"https:\/\/www.rudkobingskudehavn.dk\/en\/wp-json\/wp\/v2\/pages"}],"about":[{"href":"https:\/\/www.rudkobingskudehavn.dk\/en\/wp-json\/wp\/v2\/types\/page"}],"author":[{"embeddable":true,"href":"https:\/\/www.rudkobingskudehavn.dk\/en\/wp-json\/wp\/v2\/users\/2"}],"replies":[{"embeddable":true,"href":"https:\/\/www.rudkobingskudehavn.dk\/en\/wp-json\/wp\/v2\/comments?post=2636"}],"version-history":[{"count":233,"href":"https:\/\/www.rudkobingskudehavn.dk\/en\/wp-json\/wp\/v2\/pages\/2636\/revisions"}],"predecessor-version":[{"id":7413,"href":"https:\/\/www.rudkobingskudehavn.dk\/en\/wp-json\/wp\/v2\/pages\/2636\/revisions\/7413"}],"up":[{"embeddable":true,"href":"https:\/\/www.rudkobingskudehavn.dk\/en\/wp-json\/wp\/v2\/pages\/334"}],"wp:featuredmedia":[{"embeddable":true,"href":"https:\/\/www.rudkobingskudehavn.dk\/en\/wp-json\/wp\/v2\/media\/1519"}],"wp:attachment":[{"href":"https:\/\/www.rudkobingskudehavn.dk\/en\/wp-json\/wp\/v2\/media?parent=2636"}],"curies":[{"name":"wp","href":"https:\/\/api.w.org\/{rel}","templated":true}]}}