{"id":582,"date":"2022-07-11T12:57:09","date_gmt":"2022-07-11T10:57:09","guid":{"rendered":"http:\/\/rudkobingskudehavn.dk.linux4.curanetserver.dk\/?page_id=582"},"modified":"2026-01-29T13:31:47","modified_gmt":"2026-01-29T12:31:47","slug":"aabent-hus","status":"publish","type":"page","link":"https:\/\/www.rudkobingskudehavn.dk\/en\/selskaber\/aabent-hus\/","title":{"rendered":"\u00c5bent hus"},"content":{"rendered":"<div data-elementor-type=\"wp-page\" data-elementor-id=\"582\" class=\"elementor elementor-582\" data-elementor-post-type=\"page\">\n\t\t\t\t\t\t<section class=\"elementor-section elementor-top-section elementor-element elementor-element-77c79e3f elementor-section-height-min-height elementor-section-boxed elementor-section-height-default elementor-section-items-middle\" data-id=\"77c79e3f\" data-element_type=\"section\" data-settings=\"{&quot;background_background&quot;:&quot;classic&quot;}\">\n\t\t\t\t\t\t\t<div class=\"elementor-background-overlay\"><\/div>\n\t\t\t\t\t\t\t<div class=\"elementor-container elementor-column-gap-default\">\n\t\t\t\t\t<div class=\"elementor-column elementor-col-100 elementor-top-column elementor-element elementor-element-25f9fe3a\" data-id=\"25f9fe3a\" data-element_type=\"column\">\n\t\t\t<div class=\"elementor-widget-wrap elementor-element-populated\">\n\t\t\t\t\t\t<div class=\"elementor-element elementor-element-13bc5190 elementor-widget elementor-widget-heading\" data-id=\"13bc5190\" data-element_type=\"widget\" data-widget_type=\"heading.default\">\n\t\t\t\t<div class=\"elementor-widget-container\">\n\t\t\t<h1 class=\"elementor-heading-title elementor-size-default\">Konfirmation<\/h1>\t\t<\/div>\n\t\t\t\t<\/div>\n\t\t\t\t<div class=\"elementor-element elementor-element-6d986b47 elementor-view-default elementor-widget elementor-widget-icon\" data-id=\"6d986b47\" data-element_type=\"widget\" data-widget_type=\"icon.default\">\n\t\t\t\t<div class=\"elementor-widget-container\">\n\t\t\t\t\t<div class=\"elementor-icon-wrapper\">\n\t\t\t<div class=\"elementor-icon\">\n\t\t\t<svg xmlns=\"http:\/\/www.w3.org\/2000\/svg\" id=\"uuid-515a817a-16af-433f-baac-8fdf14e1e637\" viewbox=\"0 0 105.81 19.23\"><path d=\"M.47,9.61s7.42,20.37,16.68,0,18.28,0,18.28,0c0,0,7.29,20.51,16.75,0s18.22,.03,18.22,.03c0,0,7.64,20.33,16.74,0s18.21-.03,18.21-.03\" style=\"fill:none; stroke:#fff; stroke-miterlimit:10;\"><\/path><\/svg>\t\t\t<\/div>\n\t\t<\/div>\n\t\t\t\t<\/div>\n\t\t\t\t<\/div>\n\t\t\t\t\t<\/div>\n\t\t<\/div>\n\t\t\t\t\t<\/div>\n\t\t<\/section>\n\t\t\t\t<section class=\"elementor-section elementor-top-section elementor-element elementor-element-532126db elementor-section-boxed elementor-section-height-default elementor-section-height-default\" data-id=\"532126db\" data-element_type=\"section\">\n\t\t\t\t\t\t<div class=\"elementor-container elementor-column-gap-default\">\n\t\t\t\t\t<div class=\"elementor-column elementor-col-100 elementor-top-column elementor-element elementor-element-70dd2e3a\" data-id=\"70dd2e3a\" data-element_type=\"column\">\n\t\t\t<div class=\"elementor-widget-wrap elementor-element-populated\">\n\t\t\t\t\t\t<div class=\"elementor-element elementor-element-7d4fbaf4 elementor-widget elementor-widget-heading\" data-id=\"7d4fbaf4\" data-element_type=\"widget\" data-widget_type=\"heading.default\">\n\t\t\t\t<div class=\"elementor-widget-container\">\n\t\t\t<h2 class=\"elementor-heading-title elementor-size-default\">Konfirmation.<\/h2>\t\t<\/div>\n\t\t\t\t<\/div>\n\t\t\t\t<div class=\"elementor-element elementor-element-714c48f6 elementor-view-default elementor-widget elementor-widget-icon\" data-id=\"714c48f6\" data-element_type=\"widget\" data-widget_type=\"icon.default\">\n\t\t\t\t<div class=\"elementor-widget-container\">\n\t\t\t\t\t<div class=\"elementor-icon-wrapper\">\n\t\t\t<div class=\"elementor-icon\">\n\t\t\t<svg xmlns=\"http:\/\/www.w3.org\/2000\/svg\" id=\"uuid-4fcf8365-5e3b-4aa6-92bd-746523d3d47f\" viewbox=\"0 0 105.81 19.23\"><path d=\"M.47,9.61s7.42,20.37,16.68,0,18.28,0,18.28,0c0,0,7.29,20.51,16.75,0s18.22,.03,18.22,.03c0,0,7.64,20.33,16.74,0s18.21-.03,18.21-.03\" style=\"fill:none; stroke:#000; stroke-miterlimit:10;\"><\/path><\/svg>\t\t\t<\/div>\n\t\t<\/div>\n\t\t\t\t<\/div>\n\t\t\t\t<\/div>\n\t\t\t\t<div class=\"elementor-element elementor-element-3faa5b5 elementor-widget elementor-widget-text-editor\" data-id=\"3faa5b5\" data-element_type=\"widget\" data-widget_type=\"text-editor.default\">\n\t\t\t\t<div class=\"elementor-widget-container\">\n\t\t\t\t\t\t\t<p>Den f\u00f8rste store fest&#8230;&#8230;.<\/p>\t\t\t\t\t\t<\/div>\n\t\t\t\t<\/div>\n\t\t\t\t<div class=\"elementor-element elementor-element-179c73e elementor-widget elementor-widget-text-editor\" data-id=\"179c73e\" data-element_type=\"widget\" data-widget_type=\"text-editor.default\">\n\t\t\t\t<div class=\"elementor-widget-container\">\n\t\t\t\t\t\t\t<p>Med mere end 25 \u00e5rs erfaring ved vi at konfirmationsdagen er noget stort &#8211; virkelig STORT!\u00a0<\/p><p>Vi st\u00e5r klar til at tage os af alt der praktiske s\u00e5 konfirmanden, for\u00e6ldre, s\u00f8skende, bedstefor\u00e6ldre, venner osv. osv. bare kan nyde dagen.<\/p><p>I skal blot booke datoen s\u00e5 er vi behj\u00e6lpelig med resten.\u00a0<\/p><p>N\u00e5r man holder festen ude slipper man for opd\u00e6kning, madlavning oprydning og opvasken&#8230;.men man kan stadig godt g\u00f8re det personligt med pyntning i lokalet, personlige bordkort osv.\u00a0<\/p><p>Vi tilbyder et bredt udvalg af forskellige menuer og hele udvalget kan ses ved at klikke p\u00e5 &#8220;Download selskabskort&#8221;<\/p><p>\u00a0<\/p>\t\t\t\t\t\t<\/div>\n\t\t\t\t<\/div>\n\t\t\t\t<div class=\"elementor-element elementor-element-44cbe9b elementor-align-center elementor-widget elementor-widget-button\" data-id=\"44cbe9b\" data-element_type=\"widget\" data-widget_type=\"button.default\">\n\t\t\t\t<div class=\"elementor-widget-container\">\n\t\t\t\t\t<div class=\"elementor-button-wrapper\">\n\t\t\t<a class=\"elementor-button elementor-button-link elementor-size-sm\" href=\"https:\/\/www.rudkobingskudehavn.dk\/wp-content\/uploads\/2026\/01\/Selskabskort-2026-til-hjemmeside-2.pdf\" target=\"_blank\">\n\t\t\t\t\t\t<span class=\"elementor-button-content-wrapper\">\n\t\t\t\t\t\t<span class=\"elementor-button-text\">Download selskabskort<\/span>\n\t\t<\/span>\n\t\t\t\t\t<\/a>\n\t\t<\/div>\n\t\t\t\t<\/div>\n\t\t\t\t<\/div>\n\t\t\t\t\t<\/div>\n\t\t<\/div>\n\t\t\t\t\t<\/div>\n\t\t<\/section>\n\t\t\t\t<section class=\"elementor-section elementor-top-section elementor-element elementor-element-53f85644 elementor-section-boxed elementor-section-height-default elementor-section-height-default\" data-id=\"53f85644\" data-element_type=\"section\">\n\t\t\t\t\t\t<div class=\"elementor-container elementor-column-gap-default\">\n\t\t\t\t\t<div class=\"elementor-column elementor-col-100 elementor-top-column elementor-element elementor-element-3ff3ee1\" data-id=\"3ff3ee1\" data-element_type=\"column\" data-settings=\"{&quot;background_background&quot;:&quot;classic&quot;}\">\n\t\t\t<div class=\"elementor-widget-wrap elementor-element-populated\">\n\t\t\t\t\t\t<div class=\"elementor-element elementor-element-2e536874 elementor-widget elementor-widget-heading\" data-id=\"2e536874\" data-element_type=\"widget\" data-widget_type=\"heading.default\">\n\t\t\t\t<div class=\"elementor-widget-container\">\n\t\t\t<h2 class=\"elementor-heading-title elementor-size-default\">Menu<\/h2>\t\t<\/div>\n\t\t\t\t<\/div>\n\t\t\t\t<section class=\"elementor-section elementor-inner-section elementor-element elementor-element-5bd81db6 elementor-section-boxed elementor-section-height-default elementor-section-height-default\" data-id=\"5bd81db6\" data-element_type=\"section\">\n\t\t\t\t\t\t<div class=\"elementor-container elementor-column-gap-default\">\n\t\t\t\t\t<div class=\"elementor-column elementor-col-50 elementor-inner-column elementor-element elementor-element-6a3010c2\" data-id=\"6a3010c2\" data-element_type=\"column\">\n\t\t\t<div class=\"elementor-widget-wrap elementor-element-populated\">\n\t\t\t\t\t\t<div class=\"elementor-element elementor-element-2e0b872f elementor-widget elementor-widget-text-editor\" data-id=\"2e0b872f\" data-element_type=\"widget\" data-widget_type=\"text-editor.default\">\n\t\t\t\t<div class=\"elementor-widget-container\">\n\t\t\t\t\t\t\t<p><span style=\"text-decoration: underline;\"><span class=\"sp-text\">Den Klassiske<\/span><\/span><\/p><p>(Min. 40 pesoner &#8211; 4 timer)<\/p><p><span class=\"sp-text\">Husets pate med surt<\/span><\/p><p>R\u00f8get skinke med r\u00f8r\u00e6g og asparges<\/p><p>R\u00f8get rullep\u00f8lse med l\u00f8g og sky<\/p><p>P\u00f8lse med italiensk salat<\/p><p>Roastbeef med remoulade og ristede l\u00f8g<\/p><p>Ostebr\u00e6t med oliven, druer og syltede n\u00f8dder<\/p><p>Frisksk\u00e5ret frugt<\/p><p>Udvalg af br\u00f8d, rugbr\u00f8d og sm\u00f8r<\/p><p><strong>Pris pr. person kr. 225,00<\/strong><\/p><p><em>Drikkevarer afregnes efter forbrug<\/em><\/p><p><em>Venligst genneml\u00e6s de generelle betingelser<\/em><\/p>\t\t\t\t\t\t<\/div>\n\t\t\t\t<\/div>\n\t\t\t\t<div class=\"elementor-element elementor-element-192890b2 elementor-widget elementor-widget-text-editor\" data-id=\"192890b2\" data-element_type=\"widget\" data-widget_type=\"text-editor.default\">\n\t\t\t\t<div class=\"elementor-widget-container\">\n\t\t\t\t\t\t\t<p>\u00a0<\/p><p>\u00a0<\/p>\t\t\t\t\t\t<\/div>\n\t\t\t\t<\/div>\n\t\t\t\t\t<\/div>\n\t\t<\/div>\n\t\t\t\t<div class=\"elementor-column elementor-col-50 elementor-inner-column elementor-element elementor-element-57663fbc\" data-id=\"57663fbc\" data-element_type=\"column\">\n\t\t\t<div class=\"elementor-widget-wrap elementor-element-populated\">\n\t\t\t\t\t\t<div class=\"elementor-element elementor-element-5c3acc60 elementor-widget elementor-widget-text-editor\" data-id=\"5c3acc60\" data-element_type=\"widget\" data-widget_type=\"text-editor.default\">\n\t\t\t\t<div class=\"elementor-widget-container\">\n\t\t\t\t\t\t\t<p><span style=\"text-decoration: underline;\"><strong>Cocktail buffet \u2013 ideal til reception eller tapasbuffet<\/strong><\/span><\/p>\n<p>(Min. 40 personer \u2013 4 timer)<\/p>\n<p><strong>V\u00e6lg 7 ting<\/strong><\/p>\n<p>Fiske goujons i orlydej med sauce tartare<br>\u00c6g og rejer<br>Sm\u00e5 cocktail sandwich<br>Marineret kyllingespyd med dip<br>Udvalg af madt\u00e6rter<br>Ostebord med udvalg af europ\u00e6iske oste, druer, oliven, syltede n\u00f8dder og t\u00f8rret frugt<br>P\u00f8lse og pate br\u00e6t med tilbeh\u00f8r<br>Quiche lorraine<br>3 salgs bruschetta med k\u00f8kkenets valg af topping<br>Sm\u00e5 frikadeller med tzatziki<br>Sk\u00e5ret gr\u00f8ntsags snacks med 3 slags dip<br>Brownie med ganache og b\u00e6r<br>Gulerodskage med toppings og cr\u00e8me fraiche<br>Frisk sk\u00e5ret frugt<\/p>\n<p><strong>Pris pr. person kr. 275,00<\/strong><\/p>\n<p><strong>&nbsp;<\/strong><\/p>\t\t\t\t\t\t<\/div>\n\t\t\t\t<\/div>\n\t\t\t\t<div class=\"elementor-element elementor-element-110d712d elementor-widget elementor-widget-text-editor\" data-id=\"110d712d\" data-element_type=\"widget\" data-widget_type=\"text-editor.default\">\n\t\t\t\t<div class=\"elementor-widget-container\">\n\t\t\t\t\t\t\t<p><em>Drikkevarer afregnes efter forbrug.<\/em><\/p><p>Venligst genneml\u00e6s de <a href=\"\/en\/afbestillingsbetingelser\/\">generelle betingelser.<\/a><\/p>\t\t\t\t\t\t<\/div>\n\t\t\t\t<\/div>\n\t\t\t\t\t<\/div>\n\t\t<\/div>\n\t\t\t\t\t<\/div>\n\t\t<\/section>\n\t\t\t\t\t<\/div>\n\t\t<\/div>\n\t\t\t\t\t<\/div>\n\t\t<\/section>\n\t\t\t\t<\/div>","protected":false},"excerpt":{"rendered":"<p>Konfirmation Konfirmation. Den f\u00f8rste store fest&#8230;&#8230;. Med mere end 25 \u00e5rs erfaring ved vi at konfirmationsdagen er noget stort &#8211; virkelig STORT!\u00a0 Vi st\u00e5r klar til at tage os af alt der praktiske s\u00e5 konfirmanden, for\u00e6ldre, s\u00f8skende, bedstefor\u00e6ldre, venner osv. osv. bare kan nyde dagen. I skal blot booke datoen s\u00e5 er vi behj\u00e6lpelig med [&hellip;]<\/p>","protected":false},"author":2,"featured_media":0,"parent":334,"menu_order":0,"comment_status":"closed","ping_status":"closed","template":"","meta":{"footnotes":""},"class_list":["post-582","page","type-page","status-publish","hentry"],"yoast_head":"<!-- This site is optimized with the Yoast SEO plugin v22.0 - https:\/\/yoast.com\/wordpress\/plugins\/seo\/ -->\n<title>\u00c5bent hus | Rudk\u00f8bing Skudehavn | Reception<\/title>\n<meta name=\"description\" content=\"Hold \u00e5bent hus eller reception i Svendborg. G\u00f8r det nemt for jer selv og hold \u00e5bent hus - reception p\u00e5 Rudk\u00f8bing Skudehavn. Kontakt os .\" \/>\n<meta name=\"robots\" content=\"index, follow, max-snippet:-1, max-image-preview:large, max-video-preview:-1\" \/>\n<link rel=\"canonical\" href=\"https:\/\/www.rudkobingskudehavn.dk\/en\/selskaber\/aabent-hus\/\" \/>\n<meta property=\"og:locale\" content=\"en_GB\" \/>\n<meta property=\"og:type\" content=\"article\" \/>\n<meta property=\"og:title\" content=\"\u00c5bent hus | Rudk\u00f8bing Skudehavn | Reception\" \/>\n<meta property=\"og:description\" content=\"Hold \u00e5bent hus eller reception i Svendborg. G\u00f8r det nemt for jer selv og hold \u00e5bent hus - reception p\u00e5 Rudk\u00f8bing Skudehavn. Kontakt os .\" \/>\n<meta property=\"og:url\" content=\"https:\/\/www.rudkobingskudehavn.dk\/en\/selskaber\/aabent-hus\/\" \/>\n<meta property=\"og:site_name\" content=\"Hotel Rudk\u00f8bing Skudehavn\" \/>\n<meta property=\"article:modified_time\" content=\"2026-01-29T12:31:47+00:00\" \/>\n<meta name=\"twitter:card\" content=\"summary_large_image\" \/>\n<meta name=\"twitter:label1\" content=\"Estimated reading time\" \/>\n\t<meta name=\"twitter:data1\" content=\"2 minutes\" \/>\n<script type=\"application\/ld+json\" class=\"yoast-schema-graph\">{\"@context\":\"https:\/\/schema.org\",\"@graph\":[{\"@type\":\"WebPage\",\"@id\":\"https:\/\/www.rudkobingskudehavn.dk\/selskaber\/aabent-hus\/\",\"url\":\"https:\/\/www.rudkobingskudehavn.dk\/selskaber\/aabent-hus\/\",\"name\":\"\u00c5bent hus | Rudk\u00f8bing Skudehavn | Reception\",\"isPartOf\":{\"@id\":\"https:\/\/www.rudkobingskudehavn.dk\/#website\"},\"datePublished\":\"2022-07-11T10:57:09+00:00\",\"dateModified\":\"2026-01-29T12:31:47+00:00\",\"description\":\"Hold \u00e5bent hus eller reception i Svendborg. G\u00f8r det nemt for jer selv og hold \u00e5bent hus - reception p\u00e5 Rudk\u00f8bing Skudehavn. Kontakt os .\",\"breadcrumb\":{\"@id\":\"https:\/\/www.rudkobingskudehavn.dk\/selskaber\/aabent-hus\/#breadcrumb\"},\"inLanguage\":\"en-GB\",\"potentialAction\":[{\"@type\":\"ReadAction\",\"target\":[\"https:\/\/www.rudkobingskudehavn.dk\/selskaber\/aabent-hus\/\"]}]},{\"@type\":\"BreadcrumbList\",\"@id\":\"https:\/\/www.rudkobingskudehavn.dk\/selskaber\/aabent-hus\/#breadcrumb\",\"itemListElement\":[{\"@type\":\"ListItem\",\"position\":1,\"name\":\"Hjem\",\"item\":\"https:\/\/www.rudkobingskudehavn.dk\/\"},{\"@type\":\"ListItem\",\"position\":2,\"name\":\"Selskaber\",\"item\":\"https:\/\/www.rudkobingskudehavn.dk\/selskaber\/\"},{\"@type\":\"ListItem\",\"position\":3,\"name\":\"\u00c5bent hus\"}]},{\"@type\":\"WebSite\",\"@id\":\"https:\/\/www.rudkobingskudehavn.dk\/#website\",\"url\":\"https:\/\/www.rudkobingskudehavn.dk\/\",\"name\":\"Hotel Rudk\u00f8bing Skudehavn\",\"description\":\"\",\"publisher\":{\"@id\":\"https:\/\/www.rudkobingskudehavn.dk\/#organization\"},\"potentialAction\":[{\"@type\":\"SearchAction\",\"target\":{\"@type\":\"EntryPoint\",\"urlTemplate\":\"https:\/\/www.rudkobingskudehavn.dk\/?s={search_term_string}\"},\"query-input\":\"required name=search_term_string\"}],\"inLanguage\":\"en-GB\"},{\"@type\":\"Organization\",\"@id\":\"https:\/\/www.rudkobingskudehavn.dk\/#organization\",\"name\":\"Rudk\u00f8bing Skudehavn\",\"url\":\"https:\/\/www.rudkobingskudehavn.dk\/\",\"logo\":{\"@type\":\"ImageObject\",\"inLanguage\":\"en-GB\",\"@id\":\"https:\/\/www.rudkobingskudehavn.dk\/#\/schema\/logo\/image\/\",\"url\":\"https:\/\/www.rudkobingskudehavn.dk\/wp-content\/uploads\/2020\/11\/Rudkoebing_Skudehavn_logo_udentekst.svg\",\"contentUrl\":\"https:\/\/www.rudkobingskudehavn.dk\/wp-content\/uploads\/2020\/11\/Rudkoebing_Skudehavn_logo_udentekst.svg\",\"width\":514,\"height\":186,\"caption\":\"Rudk\u00f8bing Skudehavn\"},\"image\":{\"@id\":\"https:\/\/www.rudkobingskudehavn.dk\/#\/schema\/logo\/image\/\"}}]}<\/script>\n<!-- \/ Yoast SEO plugin. -->","yoast_head_json":{"title":"\u00c5bent hus | Rudk\u00f8bing Skudehavn | Reception","description":"Hold \u00e5bent hus eller reception i Svendborg. G\u00f8r det nemt for jer selv og hold \u00e5bent hus - reception p\u00e5 Rudk\u00f8bing Skudehavn. Kontakt os .","robots":{"index":"index","follow":"follow","max-snippet":"max-snippet:-1","max-image-preview":"max-image-preview:large","max-video-preview":"max-video-preview:-1"},"canonical":"https:\/\/www.rudkobingskudehavn.dk\/en\/selskaber\/aabent-hus\/","og_locale":"en_GB","og_type":"article","og_title":"\u00c5bent hus | Rudk\u00f8bing Skudehavn | Reception","og_description":"Hold \u00e5bent hus eller reception i Svendborg. G\u00f8r det nemt for jer selv og hold \u00e5bent hus - reception p\u00e5 Rudk\u00f8bing Skudehavn. Kontakt os .","og_url":"https:\/\/www.rudkobingskudehavn.dk\/en\/selskaber\/aabent-hus\/","og_site_name":"Hotel Rudk\u00f8bing Skudehavn","article_modified_time":"2026-01-29T12:31:47+00:00","twitter_card":"summary_large_image","twitter_misc":{"Estimated reading time":"2 minutes"},"schema":{"@context":"https:\/\/schema.org","@graph":[{"@type":"WebPage","@id":"https:\/\/www.rudkobingskudehavn.dk\/selskaber\/aabent-hus\/","url":"https:\/\/www.rudkobingskudehavn.dk\/selskaber\/aabent-hus\/","name":"\u00c5bent hus | Rudk\u00f8bing Skudehavn | Reception","isPartOf":{"@id":"https:\/\/www.rudkobingskudehavn.dk\/#website"},"datePublished":"2022-07-11T10:57:09+00:00","dateModified":"2026-01-29T12:31:47+00:00","description":"Hold \u00e5bent hus eller reception i Svendborg. G\u00f8r det nemt for jer selv og hold \u00e5bent hus - reception p\u00e5 Rudk\u00f8bing Skudehavn. Kontakt os .","breadcrumb":{"@id":"https:\/\/www.rudkobingskudehavn.dk\/selskaber\/aabent-hus\/#breadcrumb"},"inLanguage":"en-GB","potentialAction":[{"@type":"ReadAction","target":["https:\/\/www.rudkobingskudehavn.dk\/selskaber\/aabent-hus\/"]}]},{"@type":"BreadcrumbList","@id":"https:\/\/www.rudkobingskudehavn.dk\/selskaber\/aabent-hus\/#breadcrumb","itemListElement":[{"@type":"ListItem","position":1,"name":"Hjem","item":"https:\/\/www.rudkobingskudehavn.dk\/"},{"@type":"ListItem","position":2,"name":"Selskaber","item":"https:\/\/www.rudkobingskudehavn.dk\/selskaber\/"},{"@type":"ListItem","position":3,"name":"\u00c5bent hus"}]},{"@type":"WebSite","@id":"https:\/\/www.rudkobingskudehavn.dk\/#website","url":"https:\/\/www.rudkobingskudehavn.dk\/","name":"Hotel Rudk\u00f8bing Skudehavn","description":"","publisher":{"@id":"https:\/\/www.rudkobingskudehavn.dk\/#organization"},"potentialAction":[{"@type":"SearchAction","target":{"@type":"EntryPoint","urlTemplate":"https:\/\/www.rudkobingskudehavn.dk\/?s={search_term_string}"},"query-input":"required name=search_term_string"}],"inLanguage":"en-GB"},{"@type":"Organization","@id":"https:\/\/www.rudkobingskudehavn.dk\/#organization","name":"Rudk\u00f8bing Skudehavn","url":"https:\/\/www.rudkobingskudehavn.dk\/","logo":{"@type":"ImageObject","inLanguage":"en-GB","@id":"https:\/\/www.rudkobingskudehavn.dk\/#\/schema\/logo\/image\/","url":"https:\/\/www.rudkobingskudehavn.dk\/wp-content\/uploads\/2020\/11\/Rudkoebing_Skudehavn_logo_udentekst.svg","contentUrl":"https:\/\/www.rudkobingskudehavn.dk\/wp-content\/uploads\/2020\/11\/Rudkoebing_Skudehavn_logo_udentekst.svg","width":514,"height":186,"caption":"Rudk\u00f8bing Skudehavn"},"image":{"@id":"https:\/\/www.rudkobingskudehavn.dk\/#\/schema\/logo\/image\/"}}]}},"_links":{"self":[{"href":"https:\/\/www.rudkobingskudehavn.dk\/en\/wp-json\/wp\/v2\/pages\/582"}],"collection":[{"href":"https:\/\/www.rudkobingskudehavn.dk\/en\/wp-json\/wp\/v2\/pages"}],"about":[{"href":"https:\/\/www.rudkobingskudehavn.dk\/en\/wp-json\/wp\/v2\/types\/page"}],"author":[{"embeddable":true,"href":"https:\/\/www.rudkobingskudehavn.dk\/en\/wp-json\/wp\/v2\/users\/2"}],"replies":[{"embeddable":true,"href":"https:\/\/www.rudkobingskudehavn.dk\/en\/wp-json\/wp\/v2\/comments?post=582"}],"version-history":[{"count":104,"href":"https:\/\/www.rudkobingskudehavn.dk\/en\/wp-json\/wp\/v2\/pages\/582\/revisions"}],"predecessor-version":[{"id":6938,"href":"https:\/\/www.rudkobingskudehavn.dk\/en\/wp-json\/wp\/v2\/pages\/582\/revisions\/6938"}],"up":[{"embeddable":true,"href":"https:\/\/www.rudkobingskudehavn.dk\/en\/wp-json\/wp\/v2\/pages\/334"}],"wp:attachment":[{"href":"https:\/\/www.rudkobingskudehavn.dk\/en\/wp-json\/wp\/v2\/media?parent=582"}],"curies":[{"name":"wp","href":"https:\/\/api.w.org\/{rel}","templated":true}]}}